{"id":2011,"date":"2020-06-08T13:35:28","date_gmt":"2020-06-08T11:35:28","guid":{"rendered":"http:\/\/www.theatredeszygomars.be\/?page_id=2011"},"modified":"2020-11-02T11:23:21","modified_gmt":"2020-11-02T10:23:21","slug":"livre-dor-le-tout-petit-monsieur","status":"publish","type":"page","link":"https:\/\/www.theatredeszygomars.be\/index.php\/livre-dor-le-tout-petit-monsieur\/","title":{"rendered":"Livre d&rsquo;or &#8211; Le tout petit monsieur"},"content":{"rendered":"<div class=\"gwolle-gb\"><div class=\"gwolle_gb_messages_top_container\"><\/div>\n\t\t\t<div class=\"gwolle-gb-write-button\">\n\t\t\t\t<input type=\"button\" name=\"gwolle-gb-write-button\" class=\"button btn btn-default \" value=\"&raquo; \u00c9crire un nouveau message.\" \/>\n\t\t\t<\/div>\n\t\t\t<form action=\"#\" method=\"POST\" class=\"gwolle-gb-write gwolle-gb-hide gwolle-gb-float gwolle_gb_form_ajax gwolle-gb-form-ajax\">\n\t\t\t\t<h3>\u00c9crivez un nouveau message dans le livre d\u2019or<\/h3>\n\t\t\t\t<button type=\"button\" class=\"gb-notice-dismiss\">x<span class=\"screen-reader-text\">Masquer ce formulaire.<\/span><\/button>\n\t\t\t\n\t\t\t\t<input type=\"hidden\" name=\"gwolle_gb_function\" class=\"gwolle_gb_function\" value=\"add_entry\" \/><input type=\"hidden\" name=\"gwolle_gb_book_id\" class=\"gwolle_gb_book_id\" value=\"1\" \/><div class=\"gwolle_gb_dc34718d3204688f1a3075990f61699d\">\n\t\t\t\t<div class=\"label\"><label for=\"gwolle_gb_dc34718d3204688f1a3075990f61699d\" class=\"text-info\">Nom *<\/label><\/div>\n\t\t\t\t<div class=\"input\"><input class=\"wp-exclude-emoji gwolle_gb_dc34718d3204688f1a3075990f61699d\" value=\"\" type=\"text\" name=\"gwolle_gb_dc34718d3204688f1a3075990f61699d\" required \/><\/div>\n\t\t\t<\/div>\n\t\t\t<div class=\"clearBoth\">&nbsp;<\/div><div class=\"gwolle_gb_29fa693cceb03fd3c7dcb015657e0542\">\n\t\t\t\t\t<div class=\"label\"><label for=\"gwolle_gb_29fa693cceb03fd3c7dcb015657e0542\" class=\"text-info\">Ville<\/label><\/div>\n\t\t\t\t\t<div class=\"input\"><input class=\"wp-exclude-emoji gwolle_gb_29fa693cceb03fd3c7dcb015657e0542\" value=\"\" type=\"text\" name=\"gwolle_gb_29fa693cceb03fd3c7dcb015657e0542\" \/><\/div>\n\t\t\t\t<\/div>\n\t\t\t\t<div class=\"clearBoth\">&nbsp;<\/div><div class=\"gwolle_gb_79c1b8a074aa0c39ecf0746382609f43\">\n\t\t\t\t<div class=\"label\"><label for=\"gwolle_gb_79c1b8a074aa0c39ecf0746382609f43\" class=\"text-info\">E-mail *<\/label><\/div>\n\t\t\t\t<div class=\"input\"><input class=\"gwolle_gb_79c1b8a074aa0c39ecf0746382609f43\" value=\"\" type=\"email\" name=\"gwolle_gb_79c1b8a074aa0c39ecf0746382609f43\" required \/><\/div>\n\t\t\t<\/div>\n\t\t\t<div class=\"clearBoth\">&nbsp;<\/div><div class=\"gwolle_gb_f6097761d0a49f42e305e0ca9f75a5c2\">\n\t\t\t\t<div class=\"label\"><label for=\"gwolle_gb_f6097761d0a49f42e305e0ca9f75a5c2\" class=\"text-info\">Site web<\/label><\/div>\n\t\t\t\t<div class=\"input\"><input class=\"gwolle_gb_f6097761d0a49f42e305e0ca9f75a5c2\" value=\"\" type=\"url\" name=\"gwolle_gb_f6097761d0a49f42e305e0ca9f75a5c2\" \/><\/div>\n\t\t\t<\/div>\n\t\t\t<div class=\"clearBoth\">&nbsp;<\/div>\n\t\t\t<div class=\"gwolle_gb_cf1b8f85cd8cda5e9ab4af3c23c44054\" style=\"display:none;\">\n\t\t\t\t<div class=\"label\">\n\t\t\t\t\t<label for=\"gwolle_gb_cf1b8f85cd8cda5e9ab4af3c23c44054\" class=\"text-primary\">Ne touchez pas \u00e0 ceci<\/label>\n\t\t\t\t\t<label for=\"gwolle_gb_9f09b16ebd514d248b74410dc6955f4c\" class=\"text-primary\">Ne touchez pas \u00e0 ceci<\/label>\n\t\t\t\t<\/div>\n\t\t\t\t<div class=\"input\">\n\t\t\t\t\t<input value=\"4\" type=\"text\" name=\"gwolle_gb_cf1b8f85cd8cda5e9ab4af3c23c44054\" class=\"gwolle_gb_cf1b8f85cd8cda5e9ab4af3c23c44054\" \/>\n\t\t\t\t\t<input value=\"\" type=\"text\" name=\"gwolle_gb_9f09b16ebd514d248b74410dc6955f4c\" class=\"gwolle_gb_9f09b16ebd514d248b74410dc6955f4c\" \/>\n\t\t\t\t<\/div>\n\t\t\t<\/div>\n\t\t\t<div class=\"clearBoth\"><\/div>\n\t\t\t<div class=\"gwolle_gb_07c58c5e4794b07a9fe651b549f2331e\" style=\"display:none;\">\n\t\t\t\t<div class=\"label\">\n\t\t\t\t\t<label for=\"gwolle_gb_07c58c5e4794b07a9fe651b549f2331e\" class=\"text-primary\">Ne touchez pas \u00e0 ceci<\/label>\n\t\t\t\t\t<label for=\"gwolle_gb_60711c90b48e3fb272aac4af04c4895b\" class=\"text-primary\">Ne touchez pas \u00e0 ceci<\/label>\n\t\t\t\t<\/div>\n\t\t\t\t<div class=\"input\">\n\t\t\t\t\t<input value=\"20697\" type=\"text\" name=\"gwolle_gb_07c58c5e4794b07a9fe651b549f2331e\" class=\"gwolle_gb_07c58c5e4794b07a9fe651b549f2331e\" \/>\n\t\t\t\t\t<input value=\"20697\" type=\"text\" name=\"gwolle_gb_60711c90b48e3fb272aac4af04c4895b\" class=\"gwolle_gb_60711c90b48e3fb272aac4af04c4895b\" \/>\n\t\t\t\t<\/div>\n\t\t\t<\/div>\n\t\t\t<div class=\"clearBoth\"><\/div><div class=\"gwolle_gb_content\">\n\t\t\t\t<div class=\"label\"><label for=\"gwolle_gb_content\" class=\"text-info\">Message du livre d\u2019or *<\/label><\/div>\n\t\t\t\t<div class=\"input\"><textarea name=\"gwolle_gb_content\" class=\"gwolle_gb_content wp-exclude-emoji\" required ><\/textarea><\/div>\n\t\t\t\t<\/div>\n\t\t\t<div class=\"clearBoth\">&nbsp;<\/div><input type=\"hidden\" class=\"gwolle_gb_7eb0c0f034c4810796ea433512307bd0\" name=\"gwolle_gb_7eb0c0f034c4810796ea433512307bd0\" value=\"6d97693987\" \/>\n\t\t\t<div class=\"gwolle_gb_messages_bottom_container\"><\/div>\n\n\t\t\t<noscript><div class=\"no-js\">Avertissement\u00a0: Ce formulaire ne peut \u00eatre utilis\u00e9 que si JavaScript est activ\u00e9 dans votre navigateur.<\/div><\/noscript>\n\n\t\t\t<div class=\"gwolle_gb_submit\">\n\t\t\t\t<div class=\"label gwolle-gb-invisible text-muted\">&nbsp;<\/div>\n\t\t\t\t<div class=\"input\">\n\t\t\t\t\t<input type=\"submit\" name=\"gwolle_gb_submit\" class=\"gwolle_gb_submit button btn btn-primary \" value=\"Envoyer\" \/>\n\t\t\t\t\t<span class=\"gwolle_gb_submit_ajax_icon\"><\/span>\n\t\t\t\n\t\t\t\t<\/div>\n\t\t\t<\/div>\n\t\t\t<div class=\"clearBoth\">&nbsp;<\/div>\n\n\t\t\t<div class=\"gwolle_gb_notice\">\n\t\t\t\t<br \/>\nLes champs marqu\u00e9s avec un * sont obligatoires.<br \/>\nVotre adresse e-mail ne sera pas publi\u00e9e.<br \/>\nIl se pourrait que votre message n\u2019apparaisse dans le livre d\u2019or qu\u2019apr\u00e8s que nous l\u2019ayons v\u00e9rifi\u00e9.<br \/>\nNous nous r\u00e9servons le droit de modifier, de supprimer, ou de ne pas publier les messages.<br \/>\n\n\t\t\t<\/div><\/form><div class=\"gwolle-gb-read \" data-book_id=\"1\"><div id=\"gwolle-gb-total\">10 messages.<\/div><!-- Gwolle-GB Entry: Default Template Loaded -->\n\t\t\t\t<div class=\"gb-entry gb-entry_14 gb-entry-count_1 gwolle_gb_uneven gwolle-gb-uneven gwolle_gb_first gwolle-gb-first\">\n\t\t\t\t<article>\n\t\t\t\t\t<div class=\"gb-author-info\">\n\t\t\t\t\t\t<span class=\"gb-author-avatar\"><img referrerpolicy=\"no-referrer\" alt='Caroline Bogaerd' src='https:\/\/secure.gravatar.com\/avatar\/06b64ffd1e0ab939a1724240b2d7fd58?s=32&#038;d=mm&#038;r=g' srcset='https:\/\/secure.gravatar.com\/avatar\/06b64ffd1e0ab939a1724240b2d7fd58?s=64&#038;d=mm&#038;r=g 2x' class='avatar avatar-32 photo' height='32' width='32' \/><\/span>\n\t\t\t\t\t\t<span class=\"gb-author-name\"><a href=\"https:\/\/centre-culturel-waterloo.be\/\" target=\"_blank\" rel=\"nofollow noopener noreferrer\"\n\t\t\t\t\t\t\ttitle=\"Visiter le site web de  Caroline Bogaerd: https:\/\/centre-culturel-waterloo.be\/\">Caroline Bogaerd<\/a>\n\t\t\t\t\t\t<\/span>\n\t\t\t\t\t\t<span class=\"gb-author-origin\"> de Braine-l&#39;Alleud<\/span>\n\t\t\t\t\t\t<span class=\"gb-datetime\">\n\t\t\t\t\t\t\t<span class=\"gb-date\"> a \u00e9crit le 16 mars 2021<\/span><span class=\"gb-time\"> \u00e0 15h04<\/span>:\n\t\t\t\t\t\t<\/span> \n\t\t\t\t\t<\/div>\n\t\t\t\t\t<div class=\"gb-entry-content\">Un grand merci pour ce beau moment de partage entre les \u00e9coliers et r\u00e9sidents des maisons de repos de Waterloo. De beaux \u00e9changes. Des larmes d&#039;\u00e9motion dans les yeux. Une organisation au top pour cette originale s\u00e9ance en ligne. Quelle efficacit\u00e9 ! Quel talent ! Encore MERCI !\n\t\t\t\t\t<\/div>\n\t\t\t\t<\/article>\n\t\t\t<\/div>\n\t\t\t<div class=\"gb-entry gb-entry_13 gb-entry-count_2 gwolle_gb_even gwolle-gb-even\">\n\t\t\t\t<article>\n\t\t\t\t\t<div class=\"gb-author-info\">\n\t\t\t\t\t\t<span class=\"gb-author-avatar\"><img referrerpolicy=\"no-referrer\" alt='Bonhivers St\u00e9phanie' src='https:\/\/secure.gravatar.com\/avatar\/47ec65b859d3e6b0d4552f1bbb0c619e?s=32&#038;d=mm&#038;r=g' srcset='https:\/\/secure.gravatar.com\/avatar\/47ec65b859d3e6b0d4552f1bbb0c619e?s=64&#038;d=mm&#038;r=g 2x' class='avatar avatar-32 photo' height='32' width='32' \/><\/span>\n\t\t\t\t\t\t<span class=\"gb-author-name\">Bonhivers St\u00e9phanie\n\t\t\t\t\t\t<\/span>\n\t\t\t\t\t\t<span class=\"gb-author-origin\"> de Agimont<\/span>\n\t\t\t\t\t\t<span class=\"gb-datetime\">\n\t\t\t\t\t\t\t<span class=\"gb-date\"> a \u00e9crit le 14 mars 2021<\/span><span class=\"gb-time\"> \u00e0 9h37<\/span>:\n\t\t\t\t\t\t<\/span> \n\t\t\t\t\t<\/div>\n\t\t\t\t\t<div class=\"gb-entry-content\">Merci pour ce spectacle partag\u00e9 avec nous ce jeudi 11 mars. Pour ma part, je vous ai d\u00e9j\u00e0 vus plusieurs et ai aim\u00e9 chacun de vos spectacles. Nous avons beaucoup aim\u00e9 le spectacle &#034;Le tout petit monsieur&#034;, il nous a touch\u00e9 en ces temps particuliers. Il a \u00e9t\u00e9 pour nous une belle bouff\u00e9e d&#039;oxyg\u00e8ne et la possibilit\u00e9 de renouer avec ce monde de la culture qui nous manque tant et qui est essentiel \u00e0 nos vies. Un grand bravo \u00e0 l&#039;acteur et \u00e0 toute l&#039;\u00e9quipe pour ce moment de bonheur. A bient\u00f4t, &#034;dans la vraie vie&#034;, j&#039;esp\u00e8re.\n\t\t\t\t\t<\/div>\n\t\t\t\t<\/article>\n\t\t\t<\/div>\n\t\t\t<div class=\"gb-entry gb-entry_12 gb-entry-count_3 gwolle_gb_uneven gwolle-gb-uneven\">\n\t\t\t\t<article>\n\t\t\t\t\t<div class=\"gb-author-info\">\n\t\t\t\t\t\t<span class=\"gb-author-avatar\"><img referrerpolicy=\"no-referrer\" alt='Lemaitre' src='https:\/\/secure.gravatar.com\/avatar\/f81de943b416b7c020cd2ac4ff25446a?s=32&#038;d=mm&#038;r=g' srcset='https:\/\/secure.gravatar.com\/avatar\/f81de943b416b7c020cd2ac4ff25446a?s=64&#038;d=mm&#038;r=g 2x' class='avatar avatar-32 photo' height='32' width='32' \/><\/span>\n\t\t\t\t\t\t<span class=\"gb-author-name\">Lemaitre\n\t\t\t\t\t\t<\/span>\n\t\t\t\t\t\t<span class=\"gb-author-origin\"> de Herve<\/span>\n\t\t\t\t\t\t<span class=\"gb-datetime\">\n\t\t\t\t\t\t\t<span class=\"gb-date\"> a \u00e9crit le 16 f\u00e9vrier 2021<\/span><span class=\"gb-time\"> \u00e0 15h28<\/span>:\n\t\t\t\t\t\t<\/span> \n\t\t\t\t\t<\/div>\n\t\t\t\t\t<div class=\"gb-entry-content\">Merci pour le spectacle. Belle initiative dans ces temps mauroses....\n\t\t\t\t\t<\/div>\n\t\t\t\t<\/article>\n\t\t\t<\/div>\n\t\t\t<div class=\"gb-entry gb-entry_10 gb-entry-count_4 gwolle_gb_even gwolle-gb-even\">\n\t\t\t\t<article>\n\t\t\t\t\t<div class=\"gb-author-info\">\n\t\t\t\t\t\t<span class=\"gb-author-avatar\"><img referrerpolicy=\"no-referrer\" alt='Maud Duthoit' src='https:\/\/secure.gravatar.com\/avatar\/22326b2eb8c924ec7d1ab169388354cd?s=32&#038;d=mm&#038;r=g' srcset='https:\/\/secure.gravatar.com\/avatar\/22326b2eb8c924ec7d1ab169388354cd?s=64&#038;d=mm&#038;r=g 2x' class='avatar avatar-32 photo' height='32' width='32' \/><\/span>\n\t\t\t\t\t\t<span class=\"gb-author-name\"><a href=\"http:\/\/www.arret59.be\" target=\"_blank\" rel=\"nofollow noopener noreferrer\"\n\t\t\t\t\t\t\ttitle=\"Visiter le site web de  Maud Duthoit: http:\/\/www.arret59.be\">Maud Duthoit<\/a>\n\t\t\t\t\t\t<\/span>\n\t\t\t\t\t\t<span class=\"gb-author-origin\"> de P\u00e9ruwelz<\/span>\n\t\t\t\t\t\t<span class=\"gb-datetime\">\n\t\t\t\t\t\t\t<span class=\"gb-date\"> a \u00e9crit le 27 janvier 2021<\/span><span class=\"gb-time\"> \u00e0 11h10<\/span>:\n\t\t\t\t\t\t<\/span> \n\t\t\t\t\t<\/div>\n\t\t\t\t\t<div class=\"gb-entry-content\">Bravo les Zygomars ! Vivement le 14 mars pour la rencontre avec notre public ! Merci et bon courage\n\t\t\t\t\t<\/div>\n\t\t\t\t<\/article>\n\t\t\t<\/div>\n\t\t\t<div class=\"gb-entry gb-entry_9 gb-entry-count_5 gwolle_gb_uneven gwolle-gb-uneven\">\n\t\t\t\t<article>\n\t\t\t\t\t<div class=\"gb-author-info\">\n\t\t\t\t\t\t<span class=\"gb-author-avatar\"><img referrerpolicy=\"no-referrer\" alt='Aina' src='https:\/\/secure.gravatar.com\/avatar\/bb7bf117f0db6cb42fab631433c01f43?s=32&#038;d=mm&#038;r=g' srcset='https:\/\/secure.gravatar.com\/avatar\/bb7bf117f0db6cb42fab631433c01f43?s=64&#038;d=mm&#038;r=g 2x' class='avatar avatar-32 photo' height='32' width='32' \/><\/span>\n\t\t\t\t\t\t<span class=\"gb-author-name\">Aina\n\t\t\t\t\t\t<\/span>\n\t\t\t\t\t\t<span class=\"gb-datetime\">\n\t\t\t\t\t\t\t<span class=\"gb-date\"> a \u00e9crit le 27 janvier 2021<\/span><span class=\"gb-time\"> \u00e0 9h53<\/span>:\n\t\t\t\t\t\t<\/span> \n\t\t\t\t\t<\/div>\n\t\t\t\t\t<div class=\"gb-entry-content\">Merci beaucoup!\n\t\t\t\t\t<\/div>\n\t\t\t\t<\/article>\n\t\t\t<\/div>\n\t\t\t<div class=\"gb-entry gb-entry_8 gb-entry-count_6 gwolle_gb_even gwolle-gb-even\">\n\t\t\t\t<article>\n\t\t\t\t\t<div class=\"gb-author-info\">\n\t\t\t\t\t\t<span class=\"gb-author-avatar\"><img referrerpolicy=\"no-referrer\" alt='Daisy, Odile et Isidore' src='https:\/\/secure.gravatar.com\/avatar\/06038d861254e7e3d19b8c1cb6d08400?s=32&#038;d=mm&#038;r=g' srcset='https:\/\/secure.gravatar.com\/avatar\/06038d861254e7e3d19b8c1cb6d08400?s=64&#038;d=mm&#038;r=g 2x' class='avatar avatar-32 photo' height='32' width='32' \/><\/span>\n\t\t\t\t\t\t<span class=\"gb-author-name\">Daisy, Odile et Isidore\n\t\t\t\t\t\t<\/span>\n\t\t\t\t\t\t<span class=\"gb-author-origin\"> de Schaerbeek<\/span>\n\t\t\t\t\t\t<span class=\"gb-datetime\">\n\t\t\t\t\t\t\t<span class=\"gb-date\"> a \u00e9crit le 26 janvier 2021<\/span><span class=\"gb-time\"> \u00e0 8h36<\/span>:\n\t\t\t\t\t\t<\/span> \n\t\t\t\t\t<\/div>\n\t\t\t\t\t<div class=\"gb-entry-content\">Un petit moment hors du temps et des avions en papier par dizaines... Merci pour ce pr\u00e9cieux instant et vivement vous retrouver en vrai \ud83d\ude42\n\t\t\t\t\t<\/div>\n\t\t\t\t<\/article>\n\t\t\t<\/div>\n\t\t\t<div class=\"gb-entry gb-entry_7 gb-entry-count_7 gwolle_gb_uneven gwolle-gb-uneven\">\n\t\t\t\t<article>\n\t\t\t\t\t<div class=\"gb-author-info\">\n\t\t\t\t\t\t<span class=\"gb-author-avatar\"><img referrerpolicy=\"no-referrer\" alt='Santiago Fischer' src='https:\/\/secure.gravatar.com\/avatar\/1050364fd1268182c1fb9f72715a9cb5?s=32&#038;d=mm&#038;r=g' srcset='https:\/\/secure.gravatar.com\/avatar\/1050364fd1268182c1fb9f72715a9cb5?s=64&#038;d=mm&#038;r=g 2x' class='avatar avatar-32 photo' height='32' width='32' \/><\/span>\n\t\t\t\t\t\t<span class=\"gb-author-name\">Santiago Fischer\n\t\t\t\t\t\t<\/span>\n\t\t\t\t\t\t<span class=\"gb-author-origin\"> de Schaerbeek<\/span>\n\t\t\t\t\t\t<span class=\"gb-datetime\">\n\t\t\t\t\t\t\t<span class=\"gb-date\"> a \u00e9crit le 16 d\u00e9cembre 2020<\/span><span class=\"gb-time\"> \u00e0 21h51<\/span>:\n\t\t\t\t\t\t<\/span> \n\t\t\t\t\t<\/div>\n\t\t\t\t\t<div class=\"gb-entry-content\">Bravo pour l&#039;initiative du spectacle en ligne, organis\u00e9 avec le centre culturel d&#039;Ottignies ! Tr\u00e8s chouette, mais comme vous dites, on sera tous content de revoir du vrai th\u00e9\u00e2tre bient\u00f4t !\n\t\t\t\t\t<\/div>\n\t\t\t\t<\/article>\n\t\t\t<\/div>\n\t\t\t<div class=\"gb-entry gb-entry_6 gb-entry-count_8 gwolle_gb_even gwolle-gb-even\">\n\t\t\t\t<article>\n\t\t\t\t\t<div class=\"gb-author-info\">\n\t\t\t\t\t\t<span class=\"gb-author-avatar\"><img referrerpolicy=\"no-referrer\" alt='vdw Ma\u00eft\u00e9' src='https:\/\/secure.gravatar.com\/avatar\/38c9ac91df96fa81625461beb126beb3?s=32&#038;d=mm&#038;r=g' srcset='https:\/\/secure.gravatar.com\/avatar\/38c9ac91df96fa81625461beb126beb3?s=64&#038;d=mm&#038;r=g 2x' class='avatar avatar-32 photo' height='32' width='32' \/><\/span>\n\t\t\t\t\t\t<span class=\"gb-author-name\">vdw Ma\u00eft\u00e9\n\t\t\t\t\t\t<\/span>\n\t\t\t\t\t\t<span class=\"gb-author-origin\"> de Bruxelles<\/span>\n\t\t\t\t\t\t<span class=\"gb-datetime\">\n\t\t\t\t\t\t\t<span class=\"gb-date\"> a \u00e9crit le 17 novembre 2020<\/span><span class=\"gb-time\"> \u00e0 20h03<\/span>:\n\t\t\t\t\t\t<\/span> \n\t\t\t\t\t<\/div>\n\t\t\t\t\t<div class=\"gb-entry-content\">Merci pour ce chouette spectacle avec un brin de magie! Chouette interaction avec le public en ligne !\n\t\t\t\t\t<\/div>\n\t\t\t\t<\/article>\n\t\t\t<\/div>\n\t\t\t<div class=\"gb-entry gb-entry_3 gb-entry-count_9 gwolle_gb_uneven gwolle-gb-uneven\">\n\t\t\t\t<article>\n\t\t\t\t\t<div class=\"gb-author-info\">\n\t\t\t\t\t\t<span class=\"gb-author-avatar\"><img referrerpolicy=\"no-referrer\" alt='Jacques Laurence' src='https:\/\/secure.gravatar.com\/avatar\/d6e1d14686d7e5cb928faf840c6db18a?s=32&#038;d=mm&#038;r=g' srcset='https:\/\/secure.gravatar.com\/avatar\/d6e1d14686d7e5cb928faf840c6db18a?s=64&#038;d=mm&#038;r=g 2x' class='avatar avatar-32 photo' height='32' width='32' \/><\/span>\n\t\t\t\t\t\t<span class=\"gb-author-name\">Jacques Laurence\n\t\t\t\t\t\t<\/span>\n\t\t\t\t\t\t<span class=\"gb-datetime\">\n\t\t\t\t\t\t\t<span class=\"gb-date\"> a \u00e9crit le 19 juin 2020<\/span><span class=\"gb-time\"> \u00e0 19h04<\/span>:\n\t\t\t\t\t\t<\/span> \n\t\t\t\t\t<\/div>\n\t\t\t\t\t<div class=\"gb-entry-content\">Une exp\u00e9rience in\u00e9dite qui nous prouve que dans toute situation in\u00e9dite, une solution ( du moins partielle ) peut \u00eatre trouv\u00e9e. \ud83d\ude09 \nMerci pour ce tr\u00e8s bon moment de partage qui nous a men\u00e9s \u00e0 de bons \u00e9changes en classe. Belle histoire, belle interpr\u00e9tation, beaux d\u00e9cors doubl\u00e9s d&#039;effets sp\u00e9ciaux pour les enfants. ... Bravo \u00e0 vous ! ( \u00e9cole saint Fran\u00e7ois-Xavier de Vedrin )\n\t\t\t\t\t<\/div>\n\t\t\t\t<\/article>\n\t\t\t<\/div>\n\t\t\t<div class=\"gb-entry gb-entry_2 gb-entry-count_10 gwolle_gb_even gwolle-gb-even\">\n\t\t\t\t<article>\n\t\t\t\t\t<div class=\"gb-author-info\">\n\t\t\t\t\t\t<span class=\"gb-author-avatar\"><img referrerpolicy=\"no-referrer\" alt='Nathalie Vandevoir' src='https:\/\/secure.gravatar.com\/avatar\/e72524067fb8c8b49125c564f842a6e9?s=32&#038;d=mm&#038;r=g' srcset='https:\/\/secure.gravatar.com\/avatar\/e72524067fb8c8b49125c564f842a6e9?s=64&#038;d=mm&#038;r=g 2x' class='avatar avatar-32 photo' height='32' width='32' \/><\/span>\n\t\t\t\t\t\t<span class=\"gb-author-name\">Nathalie Vandevoir\n\t\t\t\t\t\t<\/span>\n\t\t\t\t\t\t<span class=\"gb-datetime\">\n\t\t\t\t\t\t\t<span class=\"gb-date\"> a \u00e9crit le 17 juin 2020<\/span><span class=\"gb-time\"> \u00e0 17h21<\/span>:\n\t\t\t\t\t\t<\/span> \n\t\t\t\t\t<\/div>\n\t\t\t\t\t<div class=\"gb-entry-content\">Merci beaucoup pour cette superbe initiative ! A refaire !!!\n\t\t\t\t\t<\/div>\n\t\t\t\t<\/article>\n\t\t\t<\/div>\n\t\t\t<\/div><\/div>\n\n\n<h3 class=\"wp-block-heading\"><strong>Laissez vos commentaires, retours ci-dessous :<\/strong><\/h3>\n","protected":false},"excerpt":{"rendered":"<p>Laissez vos commentaires, retours ci-dessous :<\/p>\n","protected":false},"author":3,"featured_media":0,"parent":0,"menu_order":0,"comment_status":"open","ping_status":"closed","template":"","meta":{"footnotes":""},"class_list":["post-2011","page","type-page","status-publish","hentry","entry-card--text"],"_links":{"self":[{"href":"https:\/\/www.theatredeszygomars.be\/index.php\/wp-json\/wp\/v2\/pages\/2011"}],"collection":[{"href":"https:\/\/www.theatredeszygomars.be\/index.php\/wp-json\/wp\/v2\/pages"}],"about":[{"href":"https:\/\/www.theatredeszygomars.be\/index.php\/wp-json\/wp\/v2\/types\/page"}],"author":[{"embeddable":true,"href":"https:\/\/www.theatredeszygomars.be\/index.php\/wp-json\/wp\/v2\/users\/3"}],"replies":[{"embeddable":true,"href":"https:\/\/www.theatredeszygomars.be\/index.php\/wp-json\/wp\/v2\/comments?post=2011"}],"version-history":[{"count":4,"href":"https:\/\/www.theatredeszygomars.be\/index.php\/wp-json\/wp\/v2\/pages\/2011\/revisions"}],"predecessor-version":[{"id":2126,"href":"https:\/\/www.theatredeszygomars.be\/index.php\/wp-json\/wp\/v2\/pages\/2011\/revisions\/2126"}],"wp:attachment":[{"href":"https:\/\/www.theatredeszygomars.be\/index.php\/wp-json\/wp\/v2\/media?parent=2011"}],"curies":[{"name":"wp","href":"https:\/\/api.w.org\/{rel}","templated":true}]}}